{"id":835,"date":"2022-06-09T17:18:39","date_gmt":"2022-06-09T17:18:39","guid":{"rendered":"https:\/\/startersites.io\/elementor\/persona\/?page_id=835"},"modified":"2026-04-25T17:36:42","modified_gmt":"2026-04-25T20:36:42","slug":"about-us","status":"publish","type":"page","link":"https:\/\/maisgames.com.br\/index.php\/about-us\/","title":{"rendered":"Sobre Mim"},"content":{"rendered":"\t\t<div data-elementor-type=\"wp-page\" data-elementor-id=\"835\" class=\"elementor elementor-835\">\n\t\t\t\t<div class=\"elementor-element elementor-element-f32d86d e-flex e-con-boxed jltma-glass-effect-no e-con e-parent\" data-id=\"f32d86d\" data-element_type=\"container\" data-e-type=\"container\">\n\t\t\t\t\t<div class=\"e-con-inner\">\n\t\t\t\t<div class=\"elementor-element elementor-element-a3cc2d0 elementor-widget__width-initial jltma-glass-effect-no elementor-widget elementor-widget-image\" data-id=\"a3cc2d0\" data-element_type=\"widget\" data-e-type=\"widget\" data-widget_type=\"image.default\">\n\t\t\t\t<div class=\"elementor-widget-container\">\n\t\t\t\t\t\t\t\t\t\t\t\t\t\t\t<img fetchpriority=\"high\" decoding=\"async\" width=\"1024\" height=\"1536\" src=\"https:\/\/maisgames.com.br\/wp-content\/uploads\/2025\/04\/ChatGPT-Image-31-de-mar.-de-2025-22_45_47.png\" class=\"attachment-full size-full wp-image-2402\" alt=\"\" srcset=\"https:\/\/maisgames.com.br\/wp-content\/uploads\/2025\/04\/ChatGPT-Image-31-de-mar.-de-2025-22_45_47.png 1024w, https:\/\/maisgames.com.br\/wp-content\/uploads\/2025\/04\/ChatGPT-Image-31-de-mar.-de-2025-22_45_47-200x300.png 200w, https:\/\/maisgames.com.br\/wp-content\/uploads\/2025\/04\/ChatGPT-Image-31-de-mar.-de-2025-22_45_47-683x1024.png 683w, https:\/\/maisgames.com.br\/wp-content\/uploads\/2025\/04\/ChatGPT-Image-31-de-mar.-de-2025-22_45_47-768x1152.png 768w\" sizes=\"(max-width: 1024px) 100vw, 1024px\" \/>\t\t\t\t\t\t\t\t\t\t\t\t\t\t\t<\/div>\n\t\t\t\t<\/div>\n\t\t<div class=\"elementor-element elementor-element-f190a5a e-con-full e-flex jltma-glass-effect-no e-con e-child\" data-id=\"f190a5a\" data-element_type=\"container\" data-e-type=\"container\">\n\t\t<div class=\"elementor-element elementor-element-23587c7 e-con-full e-flex jltma-glass-effect-no e-con e-child\" data-id=\"23587c7\" data-element_type=\"container\" data-e-type=\"container\">\n\t\t<div class=\"elementor-element elementor-element-6918e32 e-con-full e-flex jltma-glass-effect-no e-con e-child\" data-id=\"6918e32\" data-element_type=\"container\" data-e-type=\"container\">\n\t\t\t\t<div class=\"elementor-element elementor-element-f438bcc jltma-glass-effect-no elementor-widget elementor-widget-heading\" data-id=\"f438bcc\" data-element_type=\"widget\" data-e-type=\"widget\" data-widget_type=\"heading.default\">\n\t\t\t\t<div class=\"elementor-widget-container\">\n\t\t\t\t\t<h5 class=\"elementor-heading-title elementor-size-default\">E ai, galera! \ud83c\udfae<\/h5>\t\t\t\t<\/div>\n\t\t\t\t<\/div>\n\t\t\t\t<div class=\"elementor-element elementor-element-5e5fad7 jltma-glass-effect-no elementor-widget elementor-widget-text-editor\" data-id=\"5e5fad7\" data-element_type=\"widget\" data-e-type=\"widget\" data-widget_type=\"text-editor.default\">\n\t\t\t\t<div class=\"elementor-widget-container\">\n\t\t\t\t\t\t\t\t\t<p class=\"\" data-start=\"138\" data-end=\"474\">Eu sou o <strong data-start=\"166\" data-end=\"173\">Al\u00ea<\/strong>, mais conhecido como o cara que j\u00e1 passou da fase dos 30 (mas ainda tenta acertar aquele <em data-start=\"263\" data-end=\"273\">headshot<\/em>). Sou viciado em tecnologia e, quando n\u00e3o estou montando PCs como se fosse um mestre de Lego, t\u00f4 <strong data-start=\"371\" data-end=\"381\">no CS2<\/strong> tentando (ou tentando, n\u00e9?) acertar uma mira. N\u00e3o \u00e9 f\u00e1cil, mas algu\u00e9m tem que fazer isso! \ud83e\udd23<\/p><p class=\"\" data-start=\"476\" data-end=\"627\">Sou do time dos setups <strong data-start=\"499\" data-end=\"515\">minimalistas<\/strong>, porque quem precisa de mil cabos, n\u00e9? Menos \u00e9 mais \u2014 ou pelo menos, \u00e9 isso que eu tento convencer a galera. \ud83d\ude1c<\/p><p class=\"\" data-start=\"629\" data-end=\"831\">Aqui no <strong data-start=\"637\" data-end=\"650\">MaisGames<\/strong>, rola gameplay, live, dicas, e claro, a zoeira sem fim com a galera. Se voc\u00ea tamb\u00e9m curte um jogo sem muita frescura, uma mira que <em data-start=\"782\" data-end=\"794\">nem sempre<\/em> acerta e muito bom humor, cola aqui!<\/p><p class=\"\" data-start=\"833\" data-end=\"912\"><strong data-start=\"833\" data-end=\"845\">Spoiler:<\/strong> Minha mira n\u00e3o \u00e9 l\u00e1 essas coisas, mas a divers\u00e3o \u00e9 garantida! \ud83d\udca5\ud83c\udfaf<\/p><hr class=\"\" data-start=\"914\" data-end=\"917\" \/>\t\t\t\t\t\t\t\t<\/div>\n\t\t\t\t<\/div>\n\t\t\t\t<\/div>\n\t\t\t\t<\/div>\n\t\t\t\t<\/div>\n\t\t\t\t\t<\/div>\n\t\t\t\t<\/div>\n\t\t\t\t<\/div>\n\t\t","protected":false},"excerpt":{"rendered":"<p>Pellentesque tincidunt tristique neque, eget venenatis enim gravida quis. Fusce at egestas libero. Cras convallis egestas ullamcorper suspens.<\/p>\n","protected":false},"author":1,"featured_media":0,"parent":0,"menu_order":0,"comment_status":"closed","ping_status":"closed","template":"brizy-blank-template.php","meta":{"_gspb_post_css":"","footnotes":""},"class_list":["post-835","page","type-page","status-publish","hentry"],"blocksy_meta":{"styles_descriptor":{"styles":{"desktop":"","tablet":"","mobile":""},"google_fonts":[],"version":6}},"brizy_media":[],"_links":{"self":[{"href":"https:\/\/maisgames.com.br\/index.php\/wp-json\/wp\/v2\/pages\/835","targetHints":{"allow":["GET"]}}],"collection":[{"href":"https:\/\/maisgames.com.br\/index.php\/wp-json\/wp\/v2\/pages"}],"about":[{"href":"https:\/\/maisgames.com.br\/index.php\/wp-json\/wp\/v2\/types\/page"}],"author":[{"embeddable":true,"href":"https:\/\/maisgames.com.br\/index.php\/wp-json\/wp\/v2\/users\/1"}],"replies":[{"embeddable":true,"href":"https:\/\/maisgames.com.br\/index.php\/wp-json\/wp\/v2\/comments?post=835"}],"version-history":[{"count":5,"href":"https:\/\/maisgames.com.br\/index.php\/wp-json\/wp\/v2\/pages\/835\/revisions"}],"predecessor-version":[{"id":2407,"href":"https:\/\/maisgames.com.br\/index.php\/wp-json\/wp\/v2\/pages\/835\/revisions\/2407"}],"wp:attachment":[{"href":"https:\/\/maisgames.com.br\/index.php\/wp-json\/wp\/v2\/media?parent=835"}],"curies":[{"name":"wp","href":"https:\/\/api.w.org\/{rel}","templated":true}]}}